{"id":27,"date":"2024-06-07T16:28:52","date_gmt":"2024-06-07T16:28:52","guid":{"rendered":"https:\/\/ascensoresdeltamdp.com\/web\/?page_id=27"},"modified":"2024-07-29T23:11:24","modified_gmt":"2024-07-29T23:11:24","slug":"mantenimiento","status":"publish","type":"page","link":"https:\/\/ascensoresdeltamdp.com\/web\/mantenimiento\/","title":{"rendered":"MANTENIMIENTO"},"content":{"rendered":"\t\t<div data-elementor-type=\"wp-page\" data-elementor-id=\"27\" class=\"elementor elementor-27\">\n\t\t\t\t<div class=\"elementor-element elementor-element-5eba135 e-flex e-con-boxed e-con e-parent\" data-id=\"5eba135\" data-element_type=\"container\" data-e-type=\"container\">\n\t\t\t\t\t<div class=\"e-con-inner\">\n\t\t\t\t<div class=\"elementor-element elementor-element-1070cd7 elementor-widget elementor-widget-heading\" data-id=\"1070cd7\" data-element_type=\"widget\" data-e-type=\"widget\" data-widget_type=\"heading.default\">\n\t\t\t\t<div class=\"elementor-widget-container\">\n\t\t\t\t\t<h2 class=\"elementor-heading-title elementor-size-default\">Mantenimiento<\/h2>\t\t\t\t<\/div>\n\t\t\t\t<\/div>\n\t\t\t\t<div class=\"elementor-element elementor-element-f4b0a17 elementor-widget elementor-widget-text-editor\" data-id=\"f4b0a17\" data-element_type=\"widget\" data-e-type=\"widget\" data-widget_type=\"text-editor.default\">\n\t\t\t\t<div class=\"elementor-widget-container\">\n\t\t\t\t\t\t\t\t\t<p>El mantenimiento de un ascensor de un consorcio de vecinos, de una vivienda o de un edificio p\u00fablico, va mucho m\u00e1s all\u00e1 de un simple tr\u00e1mite. La principal funci\u00f3n de un ascensor es transportar verticalmente vidas a personas que depositan su confianza en el buen funcionamiento del mismo lo cual impone un enorme compromiso y responsabilidad a todos los integrantes de nuestra empresa.<\/p>\t\t\t\t\t\t\t\t<\/div>\n\t\t\t\t<\/div>\n\t\t\t\t\t<\/div>\n\t\t\t\t<\/div>\n\t\t<div class=\"elementor-element elementor-element-6ab8891 e-flex e-con-boxed e-con e-parent\" data-id=\"6ab8891\" data-element_type=\"container\" data-e-type=\"container\" data-settings=\"{&quot;background_background&quot;:&quot;classic&quot;}\">\n\t\t\t\t\t<div class=\"e-con-inner\">\n\t\t<div class=\"elementor-element elementor-element-225c0dc e-flex e-con-boxed e-con e-child\" data-id=\"225c0dc\" data-element_type=\"container\" data-e-type=\"container\">\n\t\t\t\t\t<div class=\"e-con-inner\">\n\t\t\t\t<div class=\"elementor-element elementor-element-a64ee3c elementor-widget elementor-widget-spacer\" data-id=\"a64ee3c\" data-element_type=\"widget\" data-e-type=\"widget\" data-widget_type=\"spacer.default\">\n\t\t\t\t<div class=\"elementor-widget-container\">\n\t\t\t\t\t\t\t<div class=\"elementor-spacer\">\n\t\t\t<div class=\"elementor-spacer-inner\"><\/div>\n\t\t<\/div>\n\t\t\t\t\t\t<\/div>\n\t\t\t\t<\/div>\n\t\t\t\t<div class=\"elementor-element elementor-element-a1dc734 premium-header-block animated-slow premium-lq__none premium-box-lq__none elementor-invisible elementor-widget elementor-widget-premium-addon-dual-header\" data-id=\"a1dc734\" data-element_type=\"widget\" data-e-type=\"widget\" data-settings=\"{&quot;_animation&quot;:&quot;bounceInDown&quot;,&quot;_animation_delay&quot;:100}\" data-widget_type=\"premium-addon-dual-header.default\">\n\t\t\t\t\t\n\t\t<div class=\"elementor-widget-container\">\n\t\t<div class=\"premium-dual-header-wrapper\">\n\t\t\t\t\t<h2 class=\"premium-dual-header-first-header \"><span class=\"premium-dual-header-first-span\">Mantenimiento integral para ascensores siempre<br> operativos y seguros <\/span><\/h2> \t\t\t\t\t\t<\/div>\n\t\t<\/div>\n\n\t\t\t\t\t\t<\/div>\n\t\t\t\t<div class=\"elementor-element elementor-element-867aead elementor-widget elementor-widget-text-editor\" data-id=\"867aead\" data-element_type=\"widget\" data-e-type=\"widget\" data-widget_type=\"text-editor.default\">\n\t\t\t\t<div class=\"elementor-widget-container\">\n\t\t\t\t\t\t\t\t\t<p>Cada consorcio es atendido por un equipo de t\u00e9cnicos especializados en cada \u00e1rea: electricista, electr\u00f3nica y mec\u00e1nica, adem\u00e1s de un Ingeniero Electricista matriculado que ejerce la Representaci\u00f3n T\u00e9cnica reglamentaria de las actuales ordenanzas 16.589\/05 y 22.663\/16, y un Ingeniero Mec\u00e1nico y Laboral matriculado para las tareas de Seguridad e Higiene en el Trabajo.<\/p><p>Nuestro Departamento T\u00e9cnico realiza una inspecci\u00f3n peri\u00f3dica de cada instalaci\u00f3n, relevando en cada caso cerca de cien elementos que componen la misma. Con el procesamiento de estos datos se elabora un Informe T\u00e9cnico del estado del ascensor el cual es enviado a los clientes para que est\u00e9n en conocimiento del mismo as\u00ed como eventuales tareas de reparaci\u00f3n que fuese necesario realizar.<\/p>\t\t\t\t\t\t\t\t<\/div>\n\t\t\t\t<\/div>\n\t\t\t\t\t<\/div>\n\t\t\t\t<\/div>\n\t\t\t\t\t<\/div>\n\t\t\t\t<\/div>\n\t\t<div class=\"elementor-element elementor-element-5a7d35a e-flex e-con-boxed e-con e-parent\" data-id=\"5a7d35a\" data-element_type=\"container\" data-e-type=\"container\" data-settings=\"{&quot;background_background&quot;:&quot;classic&quot;}\">\n\t\t\t\t\t<div class=\"e-con-inner\">\n\t\t\t\t\t<\/div>\n\t\t\t\t<\/div>\n\t\t<div class=\"elementor-element elementor-element-38f7e7d e-flex e-con-boxed e-con e-parent\" data-id=\"38f7e7d\" data-element_type=\"container\" data-e-type=\"container\">\n\t\t\t\t\t<div class=\"e-con-inner\">\n\t\t\t\t<div class=\"elementor-element elementor-element-2d71967 elementor-widget elementor-widget-heading\" data-id=\"2d71967\" data-element_type=\"widget\" data-e-type=\"widget\" data-widget_type=\"heading.default\">\n\t\t\t\t<div class=\"elementor-widget-container\">\n\t\t\t\t\t<h2 class=\"elementor-heading-title elementor-size-default\">MANTENIMIENTO PREVENTIVO. <\/h2>\t\t\t\t<\/div>\n\t\t\t\t<\/div>\n\t\t<div class=\"elementor-element elementor-element-96da3be e-flex e-con-boxed e-con e-child\" data-id=\"96da3be\" data-element_type=\"container\" data-e-type=\"container\">\n\t\t\t\t\t<div class=\"e-con-inner\">\n\t\t<div class=\"elementor-element elementor-element-a32527e e-flex e-con-boxed e-con e-child\" data-id=\"a32527e\" data-element_type=\"container\" data-e-type=\"container\">\n\t\t\t\t\t<div class=\"e-con-inner\">\n\t\t\t\t<div class=\"elementor-element elementor-element-11ef825 elementor-widget__width-initial elementor-widget elementor-widget-text-editor\" data-id=\"11ef825\" data-element_type=\"widget\" data-e-type=\"widget\" data-widget_type=\"text-editor.default\">\n\t\t\t\t<div class=\"elementor-widget-container\">\n\t\t\t\t\t\t\t\t\t<p>El mantenimiento preventivo consta de rutinas de intervenci\u00f3n en per\u00edodos mensuales y semestrales.\u00a0<\/p><p>El servicio mensual, de limpieza, engrase y lubricaci\u00f3n es realizado por t\u00e9cnicos entrenados en el mantenimiento preventivo y correctivo de ascensores con lo cual, esta rutina forma parte del plan integral de mantenimiento que se elabora para cada edificio en funci\u00f3n del tr\u00e1fico del mismo, el cual permite detectar y corregir anomal\u00edas en forma anticipada, minimizando as\u00ed la ocurrencia de\u00a0 reclamos.\u00a0<\/p><p>El servicio se completa con la inspecci\u00f3n semestral obligatoria de todos los elementos de seguridad dirigida por el Representante T\u00e9cnico de la empresa, donde se verifican las pruebas de seguridad m\u00e1s importantes del ascensor, como ser el accionamiento del sistema de paraca\u00eddas, el deslizamiento de los cables de tracci\u00f3n sobre la polea motriz, los cortes de sobrerrecorridos superior e inferior, etc.etc.<\/p>\t\t\t\t\t\t\t\t<\/div>\n\t\t\t\t<\/div>\n\t\t\t\t\t<\/div>\n\t\t\t\t<\/div>\n\t\t<div class=\"elementor-element elementor-element-07ce7b9 e-flex e-con-boxed e-con e-child\" data-id=\"07ce7b9\" data-element_type=\"container\" data-e-type=\"container\">\n\t\t\t\t\t<div class=\"e-con-inner\">\n\t\t\t\t<div class=\"elementor-element elementor-element-376a703 elementor-widget elementor-widget-video\" data-id=\"376a703\" data-element_type=\"widget\" data-e-type=\"widget\" data-settings=\"{&quot;video_type&quot;:&quot;hosted&quot;,&quot;autoplay&quot;:&quot;yes&quot;,&quot;play_on_mobile&quot;:&quot;yes&quot;,&quot;mute&quot;:&quot;yes&quot;,&quot;controls&quot;:&quot;yes&quot;}\" data-widget_type=\"video.default\">\n\t\t\t\t<div class=\"elementor-widget-container\">\n\t\t\t\t\t\t\t<div class=\"e-hosted-video elementor-wrapper elementor-open-inline\">\n\t\t\t\t\t<video class=\"elementor-video\" src=\"https:\/\/ascensoresdeltamdp.com\/web\/wp-content\/uploads\/2024\/07\/manteniento.mp4\" autoplay=\"\" controls=\"\" muted=\"muted\" playsinline=\"\" controlsList=\"nodownload\"><\/video>\n\t\t\t\t<\/div>\n\t\t\t\t\t\t<\/div>\n\t\t\t\t<\/div>\n\t\t\t\t\t<\/div>\n\t\t\t\t<\/div>\n\t\t\t\t\t<\/div>\n\t\t\t\t<\/div>\n\t\t\t\t<div class=\"elementor-element elementor-element-3037864 elementor-widget elementor-widget-text-editor\" data-id=\"3037864\" data-element_type=\"widget\" data-e-type=\"widget\" data-widget_type=\"text-editor.default\">\n\t\t\t\t<div class=\"elementor-widget-container\">\n\t\t\t\t\t\t\t\t\t<p><b>\u00bfQu\u00e9 trabajos se realizan durante el mantenimiento preventivo de un ascensor?<br \/><\/b><span style=\"font-style: inherit; font-weight: inherit; text-align: var(--text-align); background-color: var(--ast-global-color-5);\">Las principales acciones a realizar para un correcto mantenimiento preventivo de un ascensor son:<\/span><\/p><ul><li>Hacer revisiones rutinarias de forma mensual: limpieza, lubricaci\u00f3n, engrase, control de funcionamiento general, cerraduras\/ puertas de pisos, etc.<\/li><li>Reparar las aver\u00edas que se produzcan y sustituir las piezas desgastadas.<\/li><li>Hacer inspecciones semestrales de todas las seguridades seg\u00fan legislaci\u00f3n vigente, estipulando un plan de acci\u00f3n con plazos de ejecuci\u00f3n para la normalizaci\u00f3n de las anomal\u00edas encontradas en las mismas.<\/li><li>Implementar las modificaciones que obliguen las normas y leyes que exija el municipio donde se encuentra registrado el ascensor.<\/li><\/ul><p><b>Por qu\u00e9 priorizamos un buen mantenimiento preventivo?:<\/b><\/p><ul><li>Principalmente por la seguridad de las personas transportadas y el funcionamiento adecuado de todos los componentes de la instalaci\u00f3n.<\/li><li>Para mejorar la calidad del servicio, el confort y la disminuci\u00f3n de tiempos de salidas de funcionamiento intempestivas por roturas o desgastes acelerados imprevistos.<\/li><li>Menores costos para los propietarios por tratarse de reparaciones programadas y aseguramiento del material de recambio en lugar de reparaciones imprevistas con salidas de servicio y mayor tiempo de aprovisionamiento de los mismos.<\/li><li>Prolongaci\u00f3n de la vida \u00fatil de todos los componentes del ascensor.<\/li><li>Menores costos al permitir programar las visitas al edificio, evitando retrabajos.<\/li><\/ul>\t\t\t\t\t\t\t\t<\/div>\n\t\t\t\t<\/div>\n\t\t\t\t\t<\/div>\n\t\t\t\t<\/div>\n\t\t<div class=\"elementor-element elementor-element-7a069ce e-flex e-con-boxed e-con e-parent\" data-id=\"7a069ce\" data-element_type=\"container\" data-e-type=\"container\">\n\t\t\t\t\t<div class=\"e-con-inner\">\n\t\t\t\t<div class=\"elementor-element elementor-element-22f4587 elementor-widget elementor-widget-heading\" data-id=\"22f4587\" data-element_type=\"widget\" data-e-type=\"widget\" data-widget_type=\"heading.default\">\n\t\t\t\t<div class=\"elementor-widget-container\">\n\t\t\t\t\t<h2 class=\"elementor-heading-title elementor-size-default\">MANTENIMIENTO CORRECTIVO<\/h2>\t\t\t\t<\/div>\n\t\t\t\t<\/div>\n\t\t\t\t<div class=\"elementor-element elementor-element-5445261 elementor-widget elementor-widget-text-editor\" data-id=\"5445261\" data-element_type=\"widget\" data-e-type=\"widget\" data-widget_type=\"text-editor.default\">\n\t\t\t\t<div class=\"elementor-widget-container\">\n\t\t\t\t\t\t\t\t\t<p>El mantenimiento correctivo consiste en la actuaci\u00f3n de nuestro servicio t\u00e9cnico en respuesta a la detecci\u00f3n o aviso sobre el funcionamiento defectuoso de alg\u00fan ascensor o montacargas por desgaste o desperfecto de alguno de sus componentes, lo cual pone en marcha un grupo de tareas de \u00edndole t\u00e9cnica cuyo prop\u00f3sito es corregir estos fallos en el menor tiempo posible. <br \/><br \/>A tal efecto, y tras evaluar el tiempo en que debe hacerse la reparaci\u00f3n, sea en forma inmediata o programada para una pr\u00f3xima visita, se procede a realizar el trabajo manteniendo en lo posible en servicio al ascensor con la m\u00ednima o nula interrupci\u00f3n, para lo cual contamos con un amplio stock de repuestos de diversas marcas.<\/p>\t\t\t\t\t\t\t\t<\/div>\n\t\t\t\t<\/div>\n\t\t\t\t\t<\/div>\n\t\t\t\t<\/div>\n\t\t\t\t<\/div>\n\t\t","protected":false},"excerpt":{"rendered":"<p>Mantenimiento El mantenimiento de un ascensor de un consorcio de vecinos, de una vivienda o de un edificio p\u00fablico, va [&hellip;]<\/p>\n","protected":false},"author":2,"featured_media":0,"parent":0,"menu_order":0,"comment_status":"closed","ping_status":"closed","template":"","meta":{"site-sidebar-layout":"no-sidebar","site-content-layout":"","ast-site-content-layout":"full-width-container","site-content-style":"default","site-sidebar-style":"default","ast-global-header-display":"","ast-banner-title-visibility":"","ast-main-header-display":"","ast-hfb-above-header-display":"","ast-hfb-below-header-display":"","ast-hfb-mobile-header-display":"","site-post-title":"disabled","ast-breadcrumbs-content":"","ast-featured-img":"disabled","footer-sml-layout":"","ast-disable-related-posts":"","theme-transparent-header-meta":"","adv-header-id-meta":"","stick-header-meta":"","header-above-stick-meta":"","header-main-stick-meta":"","header-below-stick-meta":"","astra-migrate-meta-layouts":"default","ast-page-background-enabled":"default","ast-page-background-meta":{"desktop":{"background-color":"var(--ast-global-color-4)","background-image":"","background-repeat":"repeat","background-position":"center center","background-size":"auto","background-attachment":"scroll","background-type":"","background-media":"","overlay-type":"","overlay-color":"","overlay-opacity":"","overlay-gradient":""},"tablet":{"background-color":"","background-image":"","background-repeat":"repeat","background-position":"center center","background-size":"auto","background-attachment":"scroll","background-type":"","background-media":"","overlay-type":"","overlay-color":"","overlay-opacity":"","overlay-gradient":""},"mobile":{"background-color":"","background-image":"","background-repeat":"repeat","background-position":"center center","background-size":"auto","background-attachment":"scroll","background-type":"","background-media":"","overlay-type":"","overlay-color":"","overlay-opacity":"","overlay-gradient":""}},"ast-content-background-meta":{"desktop":{"background-color":"var(--ast-global-color-5)","background-image":"","background-repeat":"repeat","background-position":"center center","background-size":"auto","background-attachment":"scroll","background-type":"","background-media":"","overlay-type":"","overlay-color":"","overlay-opacity":"","overlay-gradient":""},"tablet":{"background-color":"var(--ast-global-color-5)","background-image":"","background-repeat":"repeat","background-position":"center center","background-size":"auto","background-attachment":"scroll","background-type":"","background-media":"","overlay-type":"","overlay-color":"","overlay-opacity":"","overlay-gradient":""},"mobile":{"background-color":"var(--ast-global-color-5)","background-image":"","background-repeat":"repeat","background-position":"center center","background-size":"auto","background-attachment":"scroll","background-type":"","background-media":"","overlay-type":"","overlay-color":"","overlay-opacity":"","overlay-gradient":""}},"footnotes":""},"class_list":["post-27","page","type-page","status-publish","hentry"],"_links":{"self":[{"href":"https:\/\/ascensoresdeltamdp.com\/web\/wp-json\/wp\/v2\/pages\/27","targetHints":{"allow":["GET"]}}],"collection":[{"href":"https:\/\/ascensoresdeltamdp.com\/web\/wp-json\/wp\/v2\/pages"}],"about":[{"href":"https:\/\/ascensoresdeltamdp.com\/web\/wp-json\/wp\/v2\/types\/page"}],"author":[{"embeddable":true,"href":"https:\/\/ascensoresdeltamdp.com\/web\/wp-json\/wp\/v2\/users\/2"}],"replies":[{"embeddable":true,"href":"https:\/\/ascensoresdeltamdp.com\/web\/wp-json\/wp\/v2\/comments?post=27"}],"version-history":[{"count":46,"href":"https:\/\/ascensoresdeltamdp.com\/web\/wp-json\/wp\/v2\/pages\/27\/revisions"}],"predecessor-version":[{"id":680,"href":"https:\/\/ascensoresdeltamdp.com\/web\/wp-json\/wp\/v2\/pages\/27\/revisions\/680"}],"wp:attachment":[{"href":"https:\/\/ascensoresdeltamdp.com\/web\/wp-json\/wp\/v2\/media?parent=27"}],"curies":[{"name":"wp","href":"https:\/\/api.w.org\/{rel}","templated":true}]}}