{"id":42,"date":"2024-06-07T16:31:20","date_gmt":"2024-06-07T16:31:20","guid":{"rendered":"https:\/\/ascensoresdeltamdp.com\/web\/?page_id=42"},"modified":"2024-07-28T22:07:11","modified_gmt":"2024-07-28T22:07:11","slug":"resolucion-900-srt","status":"publish","type":"page","link":"https:\/\/ascensoresdeltamdp.com\/web\/resolucion-900-srt\/","title":{"rendered":"RESOLUCI\u00d3N 900\/SRT"},"content":{"rendered":"\t\t<div data-elementor-type=\"wp-page\" data-elementor-id=\"42\" class=\"elementor elementor-42\">\n\t\t\t\t<div class=\"elementor-element elementor-element-63e41c30 e-flex e-con-boxed e-con e-parent\" data-id=\"63e41c30\" data-element_type=\"container\" data-e-type=\"container\">\n\t\t\t\t\t<div class=\"e-con-inner\">\n\t\t\t\t<div class=\"elementor-element elementor-element-7c413c98 elementor-widget elementor-widget-heading\" data-id=\"7c413c98\" data-element_type=\"widget\" data-e-type=\"widget\" data-widget_type=\"heading.default\">\n\t\t\t\t<div class=\"elementor-widget-container\">\n\t\t\t\t\t<h2 class=\"elementor-heading-title elementor-size-default\">RESOLUCI\u00d3N 900\/ SRT<\/h2>\t\t\t\t<\/div>\n\t\t\t\t<\/div>\n\t\t\t\t<div class=\"elementor-element elementor-element-705c58 elementor-widget elementor-widget-text-editor\" data-id=\"705c58\" data-element_type=\"widget\" data-e-type=\"widget\" data-widget_type=\"text-editor.default\">\n\t\t\t\t<div class=\"elementor-widget-container\">\n\t\t\t\t\t\t\t\t\t<p>La Ley Nacional de Higiene y Seguridad en el Trabajo N\u00b0 19587 y sus cuatro Decretos Reglamentarios hacen obligatorio el empleo en todo el pa\u00eds, de la Reglamentaci\u00f3n Para la Ejecuci\u00f3n de Instalaciones El\u00e9ctricas en Inmuebles de la AEA (Asociaci\u00f3n Electrot\u00e9cnica Argentina). En consecuencia es de aplicaci\u00f3n la Reglamentaci\u00f3n AEA 90364. Los cuatro Decretos Reglamentarios a que se hace referencia en la Ley 19587 son, al d\u00eda de hoy: el Decreto 351\/79, el Decreto 911\/96, el Decreto 617\/97 y el Decreto 249\/07 en los cuales se menciona la aplicaci\u00f3n obligatoria del Reglamento de la AEA<\/p><p>Interpretaci\u00f3n de la Res. 900\/2015:<\/p><p>Art. 1\u00b0 .Da car\u00e1cter obligatorio a la medici\u00f3n de puesta a tierra y verificaci\u00f3n de la continuidad de las masas en el ambiente laboral.<\/p><p>Art. 2\u00b0.Tendr\u00e1n una validez de 12 meses los valores de la medici\u00f3n de PAT y verificaci\u00f3n de la continuidad de las masas cuyos datos se manifiesten en el Protocolo aprobado por la Res. 900\/15.<\/p><p>Art. 3\u00b0.Ante el incumplimiento de los valores de la Reglamentaci\u00f3n AEA en referencia al protocolo para la medici\u00f3n del valor de Resistencia de PAT o falta de Continuidad de las masas, se deber\u00e1 elaborar un plan de acci\u00f3n para adecuarse a lo especificado. Art. 4\u00b0. Se debe controlar peri\u00f3dicamente el adecuado funcionamiento de los dispositivos contra los contactos indirectos por corte autom\u00e1tico de la alimentaci\u00f3n.<\/p>\t\t\t\t\t\t\t\t<\/div>\n\t\t\t\t<\/div>\n\t\t\t\t\t<\/div>\n\t\t\t\t<\/div>\n\t\t<div class=\"elementor-element elementor-element-2eb24f92 e-flex e-con-boxed e-con e-parent\" data-id=\"2eb24f92\" data-element_type=\"container\" data-e-type=\"container\" data-settings=\"{&quot;background_background&quot;:&quot;classic&quot;}\">\n\t\t\t\t\t<div class=\"e-con-inner\">\n\t\t\t\t<div class=\"elementor-element elementor-element-38695bd elementor-widget elementor-widget-spacer\" data-id=\"38695bd\" data-element_type=\"widget\" data-e-type=\"widget\" data-widget_type=\"spacer.default\">\n\t\t\t\t<div class=\"elementor-widget-container\">\n\t\t\t\t\t\t\t<div class=\"elementor-spacer\">\n\t\t\t<div class=\"elementor-spacer-inner\"><\/div>\n\t\t<\/div>\n\t\t\t\t\t\t<\/div>\n\t\t\t\t<\/div>\n\t\t\t\t<div class=\"elementor-element elementor-element-e4ce12e elementor-widget elementor-widget-heading\" data-id=\"e4ce12e\" data-element_type=\"widget\" data-e-type=\"widget\" data-widget_type=\"heading.default\">\n\t\t\t\t<div class=\"elementor-widget-container\">\n\t\t\t\t\t<h2 class=\"elementor-heading-title elementor-size-default\">Realizamos todas las mediciones de seguridad el\u00e9ctrica estipuladas en las normativas de la Asociaci\u00f3n Electrot\u00e9cnica Argentina con elementos calibrados y homologados, por profesionales de la ingenier\u00eda matriculados con incumbencia.<\/h2>\t\t\t\t<\/div>\n\t\t\t\t<\/div>\n\t\t\t\t\t<\/div>\n\t\t\t\t<\/div>\n\t\t<div class=\"elementor-element elementor-element-382d6cf e-flex e-con-boxed e-con e-parent\" data-id=\"382d6cf\" data-element_type=\"container\" data-e-type=\"container\">\n\t\t\t\t\t<div class=\"e-con-inner\">\n\t\t\t\t<div class=\"elementor-element elementor-element-21bc56f elementor-widget elementor-widget-text-editor\" data-id=\"21bc56f\" data-element_type=\"widget\" data-e-type=\"widget\" data-widget_type=\"text-editor.default\">\n\t\t\t\t<div class=\"elementor-widget-container\">\n\t\t\t\t\t\t\t\t\t<p>Conceptos para completar el Protocolo:<\/p><p>Los interruptores diferenciales de cualquier I\u0394n deben cumplir con los cinco ensayos que la Reglamentaci\u00f3n AEA 90364 y la Norma IEC 61008 indican. Para ello se debe emplear un instrumento que cumpla con IEC 61557-6.<\/p><p>Los ensayos deben certificar:<\/p><ul><li>&#8211; que con la mitad de la corriente diferencial el ID no debe disparar<\/li><li>&#8211; que con una corriente diferencial igual a 1xI\u0394n aplicada s\u00fabitamente el ID debe disparar en como m\u00e1ximo 300 ms.<\/li><li>&#8211; que con una corriente diferencial igual a 2xI\u0394n aplicada s\u00fabitamente el ID debe disparar en como m\u00e1ximo 150 ms,<\/li><li>&#8211; que con una corriente diferencial igual a 5xI\u0394n aplicada s\u00fabitamente el ID debe disparar en como m\u00e1ximo 40 ms,<\/li><li>&#8211; que aplicando una corriente diferencial que crezca en forma gradual el disparo se produzca con una I\u0394n comprendida entre 0,5xI\u0394n y 1xI\u0394n y que el tiempo de actuaci\u00f3n est\u00e9 dentro de los 300 ms.<\/li><\/ul><p>Continuidad de las masas Se debe comprobar que cada una de las masas el\u00e9ctricas (motores, tableros met\u00e1licos, ca\u00f1os el\u00e9ctricos, luminarias met\u00e1licas, m\u00e1quinas de aislaci\u00f3n clase I, etc.) y cada una de las masas extra\u00f1as (ca\u00f1os de agua, ca\u00f1os de vapor, ca\u00f1os de aire comprimido, ca\u00f1os de gas, conductos de aire acondicionado, columnas met\u00e1licas de tinglados parab\u00f3licos, armaduras de hormig\u00f3n armado, etc.) est\u00e9n conectadas a la puesta a tierra de la instalaci\u00f3n (a la puesta a tierra Ra de protecci\u00f3n en el ECT TT, y al borne Neutro de la instalaci\u00f3n puesto a tierra en el ECT TN-S ). Adem\u00e1s se debe verificar que el borne de tierra de todos y c\/u de los tomacorrientes est\u00e9 conectado tambi\u00e9n a la puesta a tierra de la instalaci\u00f3n. Estas comprobaciones no son otra cosa que verificar la continuidad de los conductores de protecci\u00f3n y de los conductores de equipotencialidad.<\/p><p>Para medir esas continuidades el reglamento de la AEA establece que se deben emplear instrumentos que cumplan con la Norma IEC 61557-4 adecuados a ese efecto, que entreguen 200 mA como m\u00ednimo y una tensi\u00f3n a circuito abierto, continua o alterna, que no sea inferior a 4 V y no supere los 24 V.<\/p>\t\t\t\t\t\t\t\t<\/div>\n\t\t\t\t<\/div>\n\t\t\t\t\t<\/div>\n\t\t\t\t<\/div>\n\t\t\t\t<\/div>\n\t\t","protected":false},"excerpt":{"rendered":"<p>RESOLUCI\u00d3N 900\/ SRT La Ley Nacional de Higiene y Seguridad en el Trabajo N\u00b0 19587 y sus cuatro Decretos Reglamentarios [&hellip;]<\/p>\n","protected":false},"author":2,"featured_media":0,"parent":0,"menu_order":0,"comment_status":"closed","ping_status":"closed","template":"","meta":{"site-sidebar-layout":"no-sidebar","site-content-layout":"","ast-site-content-layout":"full-width-container","site-content-style":"default","site-sidebar-style":"default","ast-global-header-display":"","ast-banner-title-visibility":"","ast-main-header-display":"","ast-hfb-above-header-display":"","ast-hfb-below-header-display":"","ast-hfb-mobile-header-display":"","site-post-title":"disabled","ast-breadcrumbs-content":"","ast-featured-img":"disabled","footer-sml-layout":"","ast-disable-related-posts":"","theme-transparent-header-meta":"","adv-header-id-meta":"","stick-header-meta":"","header-above-stick-meta":"","header-main-stick-meta":"","header-below-stick-meta":"","astra-migrate-meta-layouts":"default","ast-page-background-enabled":"default","ast-page-background-meta":{"desktop":{"background-color":"var(--ast-global-color-4)","background-image":"","background-repeat":"repeat","background-position":"center center","background-size":"auto","background-attachment":"scroll","background-type":"","background-media":"","overlay-type":"","overlay-color":"","overlay-opacity":"","overlay-gradient":""},"tablet":{"background-color":"","background-image":"","background-repeat":"repeat","background-position":"center center","background-size":"auto","background-attachment":"scroll","background-type":"","background-media":"","overlay-type":"","overlay-color":"","overlay-opacity":"","overlay-gradient":""},"mobile":{"background-color":"","background-image":"","background-repeat":"repeat","background-position":"center center","background-size":"auto","background-attachment":"scroll","background-type":"","background-media":"","overlay-type":"","overlay-color":"","overlay-opacity":"","overlay-gradient":""}},"ast-content-background-meta":{"desktop":{"background-color":"var(--ast-global-color-5)","background-image":"","background-repeat":"repeat","background-position":"center center","background-size":"auto","background-attachment":"scroll","background-type":"","background-media":"","overlay-type":"","overlay-color":"","overlay-opacity":"","overlay-gradient":""},"tablet":{"background-color":"var(--ast-global-color-5)","background-image":"","background-repeat":"repeat","background-position":"center center","background-size":"auto","background-attachment":"scroll","background-type":"","background-media":"","overlay-type":"","overlay-color":"","overlay-opacity":"","overlay-gradient":""},"mobile":{"background-color":"var(--ast-global-color-5)","background-image":"","background-repeat":"repeat","background-position":"center center","background-size":"auto","background-attachment":"scroll","background-type":"","background-media":"","overlay-type":"","overlay-color":"","overlay-opacity":"","overlay-gradient":""}},"footnotes":""},"class_list":["post-42","page","type-page","status-publish","hentry"],"_links":{"self":[{"href":"https:\/\/ascensoresdeltamdp.com\/web\/wp-json\/wp\/v2\/pages\/42","targetHints":{"allow":["GET"]}}],"collection":[{"href":"https:\/\/ascensoresdeltamdp.com\/web\/wp-json\/wp\/v2\/pages"}],"about":[{"href":"https:\/\/ascensoresdeltamdp.com\/web\/wp-json\/wp\/v2\/types\/page"}],"author":[{"embeddable":true,"href":"https:\/\/ascensoresdeltamdp.com\/web\/wp-json\/wp\/v2\/users\/2"}],"replies":[{"embeddable":true,"href":"https:\/\/ascensoresdeltamdp.com\/web\/wp-json\/wp\/v2\/comments?post=42"}],"version-history":[{"count":22,"href":"https:\/\/ascensoresdeltamdp.com\/web\/wp-json\/wp\/v2\/pages\/42\/revisions"}],"predecessor-version":[{"id":667,"href":"https:\/\/ascensoresdeltamdp.com\/web\/wp-json\/wp\/v2\/pages\/42\/revisions\/667"}],"wp:attachment":[{"href":"https:\/\/ascensoresdeltamdp.com\/web\/wp-json\/wp\/v2\/media?parent=42"}],"curies":[{"name":"wp","href":"https:\/\/api.w.org\/{rel}","templated":true}]}}