{"id":52,"date":"2024-06-07T16:32:36","date_gmt":"2024-06-07T16:32:36","guid":{"rendered":"https:\/\/ascensoresdeltamdp.com\/web\/?page_id=52"},"modified":"2024-06-10T13:00:10","modified_gmt":"2024-06-10T13:00:10","slug":"ascensores-hidraulicos","status":"publish","type":"page","link":"https:\/\/ascensoresdeltamdp.com\/web\/ascensores-hidraulicos\/","title":{"rendered":"ASCENSORES HIDR\u00c1ULICOS"},"content":{"rendered":"\t\t<div data-elementor-type=\"wp-page\" data-elementor-id=\"52\" class=\"elementor elementor-52\">\n\t\t\t\t<div class=\"elementor-element elementor-element-8d88d7b e-flex e-con-boxed e-con e-parent\" data-id=\"8d88d7b\" data-element_type=\"container\" data-e-type=\"container\">\n\t\t\t\t\t<div class=\"e-con-inner\">\n\t\t<div class=\"elementor-element elementor-element-05ff026 e-flex e-con-boxed e-con e-child\" data-id=\"05ff026\" data-element_type=\"container\" data-e-type=\"container\">\n\t\t\t\t\t<div class=\"e-con-inner\">\n\t\t\t\t<div class=\"elementor-element elementor-element-6f786b5 elementor-widget elementor-widget-spacer\" data-id=\"6f786b5\" data-element_type=\"widget\" data-e-type=\"widget\" data-widget_type=\"spacer.default\">\n\t\t\t\t<div class=\"elementor-widget-container\">\n\t\t\t\t\t\t\t<div class=\"elementor-spacer\">\n\t\t\t<div class=\"elementor-spacer-inner\"><\/div>\n\t\t<\/div>\n\t\t\t\t\t\t<\/div>\n\t\t\t\t<\/div>\n\t\t\t\t\t<\/div>\n\t\t\t\t<\/div>\n\t\t\t\t<div class=\"elementor-element elementor-element-e03fab8 elementor-widget elementor-widget-heading\" data-id=\"e03fab8\" data-element_type=\"widget\" data-e-type=\"widget\" data-widget_type=\"heading.default\">\n\t\t\t\t<div class=\"elementor-widget-container\">\n\t\t\t\t\t<h2 class=\"elementor-heading-title elementor-size-default\">Ascensores hidr\u00e1ulicos<\/h2>\t\t\t\t<\/div>\n\t\t\t\t<\/div>\n\t\t\t\t\t<\/div>\n\t\t\t\t<\/div>\n\t\t<div class=\"elementor-element elementor-element-6a1cef2 e-grid e-con-boxed e-con e-parent\" data-id=\"6a1cef2\" data-element_type=\"container\" data-e-type=\"container\">\n\t\t\t\t\t<div class=\"e-con-inner\">\n\t\t\t\t<div class=\"elementor-element elementor-element-004d4ad elementor-widget elementor-widget-text-editor\" data-id=\"004d4ad\" data-element_type=\"widget\" data-e-type=\"widget\" data-widget_type=\"text-editor.default\">\n\t\t\t\t<div class=\"elementor-widget-container\">\n\t\t\t\t\t\t\t\t\t<p>Son elevadores que funcionan con un pist\u00f3n colocado dentro de un cilindro, gracias a la acci\u00f3n de un motor el\u00e9ctrico encargado de bombear aceite para moverlo.\u00a0<\/p><p>Por su parte, el pist\u00f3n (que puede ser central \u2013 enterrado- o lateral) levanta con suavidad la cabina del ascensor, mientras que las electrov\u00e1lvulas controlan el descenso. Representan la mejor opci\u00f3n en ascensores de bajo y mediano recorridos (hasta 6 paradas) y velocidades de hasta 60 metros por minuto.<\/p>\t\t\t\t\t\t\t\t<\/div>\n\t\t\t\t<\/div>\n\t\t<div class=\"elementor-element elementor-element-54b587f e-flex e-con-boxed e-con e-child\" data-id=\"54b587f\" data-element_type=\"container\" data-e-type=\"container\" data-settings=\"{&quot;background_background&quot;:&quot;slideshow&quot;,&quot;background_slideshow_gallery&quot;:[{&quot;id&quot;:338,&quot;url&quot;:&quot;https:\\\/\\\/ascensoresdeltamdp.com\\\/web\\\/wp-content\\\/uploads\\\/2024\\\/06\\\/hidraulicos1.webp&quot;},{&quot;id&quot;:339,&quot;url&quot;:&quot;https:\\\/\\\/ascensoresdeltamdp.com\\\/web\\\/wp-content\\\/uploads\\\/2024\\\/06\\\/idraulicos-2.jpg&quot;},{&quot;id&quot;:340,&quot;url&quot;:&quot;https:\\\/\\\/ascensoresdeltamdp.com\\\/web\\\/wp-content\\\/uploads\\\/2024\\\/06\\\/hidraulico3.jpg&quot;}],&quot;background_slideshow_loop&quot;:&quot;yes&quot;,&quot;background_slideshow_slide_duration&quot;:5000,&quot;background_slideshow_slide_transition&quot;:&quot;fade&quot;,&quot;background_slideshow_transition_duration&quot;:500}\">\n\t\t\t\t\t<div class=\"e-con-inner\">\n\t\t\t\t\t<\/div>\n\t\t\t\t<\/div>\n\t\t\t\t\t<\/div>\n\t\t\t\t<\/div>\n\t\t\t\t<\/div>\n\t\t","protected":false},"excerpt":{"rendered":"<p>Ascensores hidr\u00e1ulicos Son elevadores que funcionan con un pist\u00f3n colocado dentro de un cilindro, gracias a la acci\u00f3n de un [&hellip;]<\/p>\n","protected":false},"author":2,"featured_media":0,"parent":0,"menu_order":0,"comment_status":"closed","ping_status":"closed","template":"","meta":{"site-sidebar-layout":"no-sidebar","site-content-layout":"","ast-site-content-layout":"full-width-container","site-content-style":"default","site-sidebar-style":"default","ast-global-header-display":"","ast-banner-title-visibility":"","ast-main-header-display":"","ast-hfb-above-header-display":"","ast-hfb-below-header-display":"","ast-hfb-mobile-header-display":"","site-post-title":"disabled","ast-breadcrumbs-content":"","ast-featured-img":"disabled","footer-sml-layout":"","ast-disable-related-posts":"","theme-transparent-header-meta":"","adv-header-id-meta":"","stick-header-meta":"","header-above-stick-meta":"","header-main-stick-meta":"","header-below-stick-meta":"","astra-migrate-meta-layouts":"default","ast-page-background-enabled":"default","ast-page-background-meta":{"desktop":{"background-color":"var(--ast-global-color-4)","background-image":"","background-repeat":"repeat","background-position":"center center","background-size":"auto","background-attachment":"scroll","background-type":"","background-media":"","overlay-type":"","overlay-color":"","overlay-opacity":"","overlay-gradient":""},"tablet":{"background-color":"","background-image":"","background-repeat":"repeat","background-position":"center center","background-size":"auto","background-attachment":"scroll","background-type":"","background-media":"","overlay-type":"","overlay-color":"","overlay-opacity":"","overlay-gradient":""},"mobile":{"background-color":"","background-image":"","background-repeat":"repeat","background-position":"center center","background-size":"auto","background-attachment":"scroll","background-type":"","background-media":"","overlay-type":"","overlay-color":"","overlay-opacity":"","overlay-gradient":""}},"ast-content-background-meta":{"desktop":{"background-color":"var(--ast-global-color-5)","background-image":"","background-repeat":"repeat","background-position":"center center","background-size":"auto","background-attachment":"scroll","background-type":"","background-media":"","overlay-type":"","overlay-color":"","overlay-opacity":"","overlay-gradient":""},"tablet":{"background-color":"var(--ast-global-color-5)","background-image":"","background-repeat":"repeat","background-position":"center center","background-size":"auto","background-attachment":"scroll","background-type":"","background-media":"","overlay-type":"","overlay-color":"","overlay-opacity":"","overlay-gradient":""},"mobile":{"background-color":"var(--ast-global-color-5)","background-image":"","background-repeat":"repeat","background-position":"center center","background-size":"auto","background-attachment":"scroll","background-type":"","background-media":"","overlay-type":"","overlay-color":"","overlay-opacity":"","overlay-gradient":""}},"footnotes":""},"class_list":["post-52","page","type-page","status-publish","hentry"],"_links":{"self":[{"href":"https:\/\/ascensoresdeltamdp.com\/web\/wp-json\/wp\/v2\/pages\/52","targetHints":{"allow":["GET"]}}],"collection":[{"href":"https:\/\/ascensoresdeltamdp.com\/web\/wp-json\/wp\/v2\/pages"}],"about":[{"href":"https:\/\/ascensoresdeltamdp.com\/web\/wp-json\/wp\/v2\/types\/page"}],"author":[{"embeddable":true,"href":"https:\/\/ascensoresdeltamdp.com\/web\/wp-json\/wp\/v2\/users\/2"}],"replies":[{"embeddable":true,"href":"https:\/\/ascensoresdeltamdp.com\/web\/wp-json\/wp\/v2\/comments?post=52"}],"version-history":[{"count":19,"href":"https:\/\/ascensoresdeltamdp.com\/web\/wp-json\/wp\/v2\/pages\/52\/revisions"}],"predecessor-version":[{"id":375,"href":"https:\/\/ascensoresdeltamdp.com\/web\/wp-json\/wp\/v2\/pages\/52\/revisions\/375"}],"wp:attachment":[{"href":"https:\/\/ascensoresdeltamdp.com\/web\/wp-json\/wp\/v2\/media?parent=52"}],"curies":[{"name":"wp","href":"https:\/\/api.w.org\/{rel}","templated":true}]}}